{"id":198,"date":"2025-11-22T06:40:28","date_gmt":"2025-11-22T06:40:28","guid":{"rendered":"https:\/\/nocturnalfangs.com\/?page_id=198"},"modified":"2025-11-22T06:40:29","modified_gmt":"2025-11-22T06:40:29","slug":"impressum","status":"publish","type":"page","link":"https:\/\/nocturnalfangs.com\/index.php\/impressum\/","title":{"rendered":"Impressum"},"content":{"rendered":"\n<h2 class=\"wp-block-heading\">Note<\/h2>\n\n\n\n<p>What follows is a mandatory disclosure of the owner of the website and distributor of media content, which is required my the Austrian law. You won&#8217;t find any cool tarantula facts here.<\/p>\n\n\n\n<h2 class=\"wp-block-heading\">Impressum<\/h2>\n\n\n\n<p><strong>Impressum gem\u00e4\u00df \u00a7 24 Mediengesetz, \u00a75 ECG<\/strong><\/p>\n\n\n\n<p>Stefan Zeisl<br>Ferdinand Hanusch-Stra\u00dfe 21<br> 8700 Leoben<br>\u00d6sterreich<\/p>\n\n\n\n<p><strong>Kontakt<\/strong><br>E-Mail: <\/p>\n\n\n\n<p><strong>Unternehmensform<\/strong><br>Einzelunternehmer<\/p>\n\n\n\n<p><strong>Gewerbebeh\u00f6rde<\/strong><br>Bezirkshauptmannschaft Leoben<\/p>\n\n\n\n<p><strong>UID-Nummer<\/strong><br>ATUXXXXXXXX (falls vorhanden)<\/p>\n\n\n\n<p><strong>Inhaltliche Verantwortung gem\u00e4\u00df \u00a7 55 Abs. 2 RStV \/ \u00a7 25 MedienG<\/strong><br>Stefan Zeisl<br>Adresse wie oben<\/p>\n","protected":false},"excerpt":{"rendered":"<p>Note What follows is a mandatory disclosure of the owner of the website and distributor of media content, which is required my the Austrian law. You won&#8217;t find any cool tarantula facts here. Impressum Impressum gem\u00e4\u00df \u00a7 24 Mediengesetz, \u00a75 ECG Stefan ZeislFerdinand Hanusch-Stra\u00dfe 21 8700 Leoben\u00d6sterreich KontaktE-Mail: UnternehmensformEinzelunternehmer Gewerbebeh\u00f6rdeBezirkshauptmannschaft Leoben UID-NummerATUXXXXXXXX (falls vorhanden) Inhaltliche Verantwortung gem\u00e4\u00df \u00a7 55 Abs. 2 RStV \/ \u00a7 25 MedienGStefan ZeislAdresse wie oben<\/p>\n","protected":false},"author":1,"featured_media":0,"parent":0,"menu_order":0,"comment_status":"closed","ping_status":"closed","template":"","meta":{"footnotes":""},"class_list":["post-198","page","type-page","status-publish","hentry"],"yoast_head":"<!-- This site is optimized with the Yoast SEO plugin v26.6 - https:\/\/yoast.com\/wordpress\/plugins\/seo\/ -->\n<title>Impressum - Nocturnal Fangs<\/title>\n<meta name=\"robots\" content=\"index, follow, max-snippet:-1, max-image-preview:large, max-video-preview:-1\" \/>\n<link rel=\"canonical\" href=\"https:\/\/nocturnalfangs.com\/index.php\/impressum\/\" \/>\n<meta property=\"og:locale\" content=\"en_US\" \/>\n<meta property=\"og:type\" content=\"article\" \/>\n<meta property=\"og:title\" content=\"Impressum - Nocturnal Fangs\" \/>\n<meta property=\"og:description\" content=\"Note What follows is a mandatory disclosure of the owner of the website and distributor of media content, which is required my the Austrian law. You won&#8217;t find any cool tarantula facts here. Impressum Impressum gem\u00e4\u00df \u00a7 24 Mediengesetz, \u00a75 ECG Stefan ZeislFerdinand Hanusch-Stra\u00dfe 21 8700 Leoben\u00d6sterreich KontaktE-Mail: UnternehmensformEinzelunternehmer Gewerbebeh\u00f6rdeBezirkshauptmannschaft Leoben UID-NummerATUXXXXXXXX (falls vorhanden) Inhaltliche Verantwortung gem\u00e4\u00df \u00a7 55 Abs. 2 RStV \/ \u00a7 25 MedienGStefan ZeislAdresse wie oben\" \/>\n<meta property=\"og:url\" content=\"https:\/\/nocturnalfangs.com\/index.php\/impressum\/\" \/>\n<meta property=\"og:site_name\" content=\"Nocturnal Fangs\" \/>\n<meta property=\"article:modified_time\" content=\"2025-11-22T06:40:29+00:00\" \/>\n<meta name=\"twitter:card\" content=\"summary_large_image\" \/>\n<meta name=\"twitter:label1\" content=\"Est. reading time\" \/>\n\t<meta name=\"twitter:data1\" content=\"1 minute\" \/>\n<script type=\"application\/ld+json\" class=\"yoast-schema-graph\">{\"@context\":\"https:\/\/schema.org\",\"@graph\":[{\"@type\":\"WebPage\",\"@id\":\"https:\/\/nocturnalfangs.com\/index.php\/impressum\/\",\"url\":\"https:\/\/nocturnalfangs.com\/index.php\/impressum\/\",\"name\":\"Impressum - Nocturnal Fangs\",\"isPartOf\":{\"@id\":\"https:\/\/nocturnalfangs.com\/#website\"},\"datePublished\":\"2025-11-22T06:40:28+00:00\",\"dateModified\":\"2025-11-22T06:40:29+00:00\",\"breadcrumb\":{\"@id\":\"https:\/\/nocturnalfangs.com\/index.php\/impressum\/#breadcrumb\"},\"inLanguage\":\"en-US\",\"potentialAction\":[{\"@type\":\"ReadAction\",\"target\":[\"https:\/\/nocturnalfangs.com\/index.php\/impressum\/\"]}]},{\"@type\":\"BreadcrumbList\",\"@id\":\"https:\/\/nocturnalfangs.com\/index.php\/impressum\/#breadcrumb\",\"itemListElement\":[{\"@type\":\"ListItem\",\"position\":1,\"name\":\"Home\",\"item\":\"https:\/\/nocturnalfangs.com\/\"},{\"@type\":\"ListItem\",\"position\":2,\"name\":\"Impressum\"}]},{\"@type\":\"WebSite\",\"@id\":\"https:\/\/nocturnalfangs.com\/#website\",\"url\":\"https:\/\/nocturnalfangs.com\/\",\"name\":\"Nocturnal Fangs\",\"description\":\"Nocturnal Fangs offers practical tarantula care guides, DIY enclosure tips, and expert advice for keepers who love eight-legged adventures.\",\"publisher\":{\"@id\":\"https:\/\/nocturnalfangs.com\/#organization\"},\"potentialAction\":[{\"@type\":\"SearchAction\",\"target\":{\"@type\":\"EntryPoint\",\"urlTemplate\":\"https:\/\/nocturnalfangs.com\/?s={search_term_string}\"},\"query-input\":{\"@type\":\"PropertyValueSpecification\",\"valueRequired\":true,\"valueName\":\"search_term_string\"}}],\"inLanguage\":\"en-US\"},{\"@type\":\"Organization\",\"@id\":\"https:\/\/nocturnalfangs.com\/#organization\",\"name\":\"Nocturnal Fangs\",\"url\":\"https:\/\/nocturnalfangs.com\/\",\"logo\":{\"@type\":\"ImageObject\",\"inLanguage\":\"en-US\",\"@id\":\"https:\/\/nocturnalfangs.com\/#\/schema\/logo\/image\/\",\"url\":\"https:\/\/nocturnalfangs.com\/wp-content\/uploads\/2025\/10\/noct_fangs_logo_better.png\",\"contentUrl\":\"https:\/\/nocturnalfangs.com\/wp-content\/uploads\/2025\/10\/noct_fangs_logo_better.png\",\"width\":515,\"height\":530,\"caption\":\"Nocturnal Fangs\"},\"image\":{\"@id\":\"https:\/\/nocturnalfangs.com\/#\/schema\/logo\/image\/\"}}]}<\/script>\n<!-- \/ Yoast SEO plugin. -->","yoast_head_json":{"title":"Impressum - Nocturnal Fangs","robots":{"index":"index","follow":"follow","max-snippet":"max-snippet:-1","max-image-preview":"max-image-preview:large","max-video-preview":"max-video-preview:-1"},"canonical":"https:\/\/nocturnalfangs.com\/index.php\/impressum\/","og_locale":"en_US","og_type":"article","og_title":"Impressum - Nocturnal Fangs","og_description":"Note What follows is a mandatory disclosure of the owner of the website and distributor of media content, which is required my the Austrian law. You won&#8217;t find any cool tarantula facts here. Impressum Impressum gem\u00e4\u00df \u00a7 24 Mediengesetz, \u00a75 ECG Stefan ZeislFerdinand Hanusch-Stra\u00dfe 21 8700 Leoben\u00d6sterreich KontaktE-Mail: UnternehmensformEinzelunternehmer Gewerbebeh\u00f6rdeBezirkshauptmannschaft Leoben UID-NummerATUXXXXXXXX (falls vorhanden) Inhaltliche Verantwortung gem\u00e4\u00df \u00a7 55 Abs. 2 RStV \/ \u00a7 25 MedienGStefan ZeislAdresse wie oben","og_url":"https:\/\/nocturnalfangs.com\/index.php\/impressum\/","og_site_name":"Nocturnal Fangs","article_modified_time":"2025-11-22T06:40:29+00:00","twitter_card":"summary_large_image","twitter_misc":{"Est. reading time":"1 minute"},"schema":{"@context":"https:\/\/schema.org","@graph":[{"@type":"WebPage","@id":"https:\/\/nocturnalfangs.com\/index.php\/impressum\/","url":"https:\/\/nocturnalfangs.com\/index.php\/impressum\/","name":"Impressum - Nocturnal Fangs","isPartOf":{"@id":"https:\/\/nocturnalfangs.com\/#website"},"datePublished":"2025-11-22T06:40:28+00:00","dateModified":"2025-11-22T06:40:29+00:00","breadcrumb":{"@id":"https:\/\/nocturnalfangs.com\/index.php\/impressum\/#breadcrumb"},"inLanguage":"en-US","potentialAction":[{"@type":"ReadAction","target":["https:\/\/nocturnalfangs.com\/index.php\/impressum\/"]}]},{"@type":"BreadcrumbList","@id":"https:\/\/nocturnalfangs.com\/index.php\/impressum\/#breadcrumb","itemListElement":[{"@type":"ListItem","position":1,"name":"Home","item":"https:\/\/nocturnalfangs.com\/"},{"@type":"ListItem","position":2,"name":"Impressum"}]},{"@type":"WebSite","@id":"https:\/\/nocturnalfangs.com\/#website","url":"https:\/\/nocturnalfangs.com\/","name":"Nocturnal Fangs","description":"Nocturnal Fangs offers practical tarantula care guides, DIY enclosure tips, and expert advice for keepers who love eight-legged adventures.","publisher":{"@id":"https:\/\/nocturnalfangs.com\/#organization"},"potentialAction":[{"@type":"SearchAction","target":{"@type":"EntryPoint","urlTemplate":"https:\/\/nocturnalfangs.com\/?s={search_term_string}"},"query-input":{"@type":"PropertyValueSpecification","valueRequired":true,"valueName":"search_term_string"}}],"inLanguage":"en-US"},{"@type":"Organization","@id":"https:\/\/nocturnalfangs.com\/#organization","name":"Nocturnal Fangs","url":"https:\/\/nocturnalfangs.com\/","logo":{"@type":"ImageObject","inLanguage":"en-US","@id":"https:\/\/nocturnalfangs.com\/#\/schema\/logo\/image\/","url":"https:\/\/nocturnalfangs.com\/wp-content\/uploads\/2025\/10\/noct_fangs_logo_better.png","contentUrl":"https:\/\/nocturnalfangs.com\/wp-content\/uploads\/2025\/10\/noct_fangs_logo_better.png","width":515,"height":530,"caption":"Nocturnal Fangs"},"image":{"@id":"https:\/\/nocturnalfangs.com\/#\/schema\/logo\/image\/"}}]}},"_links":{"self":[{"href":"https:\/\/nocturnalfangs.com\/index.php\/wp-json\/wp\/v2\/pages\/198","targetHints":{"allow":["GET"]}}],"collection":[{"href":"https:\/\/nocturnalfangs.com\/index.php\/wp-json\/wp\/v2\/pages"}],"about":[{"href":"https:\/\/nocturnalfangs.com\/index.php\/wp-json\/wp\/v2\/types\/page"}],"author":[{"embeddable":true,"href":"https:\/\/nocturnalfangs.com\/index.php\/wp-json\/wp\/v2\/users\/1"}],"replies":[{"embeddable":true,"href":"https:\/\/nocturnalfangs.com\/index.php\/wp-json\/wp\/v2\/comments?post=198"}],"version-history":[{"count":1,"href":"https:\/\/nocturnalfangs.com\/index.php\/wp-json\/wp\/v2\/pages\/198\/revisions"}],"predecessor-version":[{"id":199,"href":"https:\/\/nocturnalfangs.com\/index.php\/wp-json\/wp\/v2\/pages\/198\/revisions\/199"}],"wp:attachment":[{"href":"https:\/\/nocturnalfangs.com\/index.php\/wp-json\/wp\/v2\/media?parent=198"}],"curies":[{"name":"wp","href":"https:\/\/api.w.org\/{rel}","templated":true}]}}